{"id":32,"date":"2022-10-31T16:11:06","date_gmt":"2022-10-31T16:11:06","guid":{"rendered":"https:\/\/web.playazul.net\/?page_id=32"},"modified":"2025-03-14T17:12:06","modified_gmt":"2025-03-14T17:12:06","slug":"terminos-y-condiciones","status":"publish","type":"page","link":"https:\/\/playazul.net\/es\/terminos-y-condiciones\/","title":{"rendered":"T\u00e9rminos y Condiciones"},"content":{"rendered":"<p><strong>NORMAS DEL HOTEL<\/strong><\/p>\n\n\n\n<ul class=\"wp-block-list\">\n<li>El pago total de la reserva debe realizarse al momento del check-in.<\/li>\n\n\n\n<li>Est\u00e1 prohibido escuchar m\u00fasica en las habitaciones o en las \u00e1reas cercanas a las mismas.<\/li>\n\n\n\n<li>No se permite fumar en \u00e1reas cerradas ni cerca de las habitaciones.<\/li>\n\n\n\n<li>No se permiten mascotas en esta propiedad.<\/li>\n\n\n\n<li>No nos hacemos responsables por da\u00f1os o p\u00e9rdidas de pertenencias personales.<\/li>\n\n\n\n<li>Se cobrar\u00e1 por los da\u00f1os (manchas de vino, quemaduras, cortes, entre otros) que el hu\u00e9sped pueda causar durante su estancia.<\/li>\n\n\n\n<li>Nos reservamos el derecho de admisi\u00f3n y permanencia.<\/li>\n\n\n\n<li>No nos hacemos responsables de lesiones personales ocasionadas dentro o fuera de nuestras instalaciones durante la estancia o tr\u00e1nsito en nuestras instalaciones.<\/li>\n\n\n\n<li>Adem\u00e1s, no somos responsables de ninguna situaci\u00f3n que ocurra en tours o paseos fuera de nuestras instalaciones.<\/li>\n\n\n\n<li>A la llegada, se solicitar\u00e1 un <strong>dep\u00f3sito de 100\u20ac<\/strong> por apartamento para posibles da\u00f1os o desperfectos ocasionados dentro del apartamento. Este ser\u00e1 devuelto tras la revisi\u00f3n del apartamento a la salida, para asegurarse de que se encuentra en las mismas condiciones que a la llegada.<\/li>\n<\/ul>\n\n\n\n<p><strong>POL\u00cdTICA DE CANCELACI\u00d3N<\/strong><\/p>\n\n\n\n<ul class=\"wp-block-list\">\n<li>Le rogamos leer detenidamente nuestra pol\u00edtica de cancelaci\u00f3n, ya que no solemos hacer excepciones. Para evitar malentendidos, le agradecer\u00edamos que preste atenci\u00f3n a lo siguiente:\n<ul class=\"wp-block-list\">\n<li>Para las reservas con tarifa flexible, los hu\u00e9spedes pueden realizar cambios en la reserva hasta 48 horas antes de la llegada sin penalizaci\u00f3n.<\/li>\n\n\n\n<li>Los cambios realizados dentro de las 24 horas previas a la llegada tendr\u00e1n un cargo equivalente a la primera noche de estancia.<\/li>\n\n\n\n<li>Para las reservas No Reembolsables (No Refundable), no se permiten cambios y no se devolver\u00e1 ning\u00fan importe pagado.<\/li>\n\n\n\n<li>Si el hu\u00e9sped cancela con menos de 24 horas de antelaci\u00f3n, la primera noche no ser\u00e1 reembolsable.<\/li>\n\n\n\n<li>Si el hu\u00e9sped llega y decide irse antes, las noches ya pagadas no ser\u00e1n reembolsables.<\/li>\n\n\n\n<li>Si el hu\u00e9sped simplemente no se presenta (y no cancela con antelaci\u00f3n), se cobrar\u00e1 el precio total de la reserva y no ser\u00e1 reembolsable.<\/li>\n<\/ul>\n<\/li>\n<\/ul>","protected":false},"excerpt":{"rendered":"<p>HOUSE RULES CANCELLATION POLICY<\/p>","protected":false},"author":1,"featured_media":0,"parent":0,"menu_order":0,"comment_status":"closed","ping_status":"closed","template":"","meta":{"footnotes":""},"class_list":["post-32","page","type-page","status-publish","hentry"],"yoast_head":"<!-- This site is optimized with the Yoast SEO plugin v27.3 - https:\/\/yoast.com\/product\/yoast-seo-wordpress\/ -->\n<title>Terms and Conditions - Playazul Apartments<\/title>\n<meta name=\"robots\" content=\"index, nofollow, max-snippet:-1, max-image-preview:large, max-video-preview:-1\" \/>\n<link rel=\"canonical\" href=\"https:\/\/playazul.net\/es\/terminos-y-condiciones\/\" \/>\n<meta property=\"og:locale\" content=\"es_ES\" \/>\n<meta property=\"og:type\" content=\"article\" \/>\n<meta property=\"og:title\" content=\"Terms and Conditions - Playazul Apartments\" \/>\n<meta property=\"og:description\" content=\"HOUSE RULES CANCELLATION POLICY\" \/>\n<meta property=\"og:url\" content=\"https:\/\/playazul.net\/es\/terminos-y-condiciones\/\" \/>\n<meta property=\"og:site_name\" content=\"Playazul Apartments\" \/>\n<meta property=\"article:publisher\" content=\"https:\/\/www.facebook.com\/pages\/Apartamentos-Playazul\/912493362204394\/\" \/>\n<meta property=\"article:modified_time\" content=\"2025-03-14T17:12:06+00:00\" \/>\n<meta property=\"og:image\" content=\"https:\/\/playazul.net\/wp-content\/uploads\/news-2-bedroom-royal-deluxe-00001.jpg\" \/>\n\t<meta property=\"og:image:width\" content=\"1600\" \/>\n\t<meta property=\"og:image:height\" content=\"1200\" \/>\n\t<meta property=\"og:image:type\" content=\"image\/jpeg\" \/>\n<meta name=\"twitter:card\" content=\"summary_large_image\" \/>\n<script type=\"application\/ld+json\" class=\"yoast-schema-graph\">{\"@context\":\"https:\\\/\\\/schema.org\",\"@graph\":[{\"@type\":\"WebPage\",\"@id\":\"https:\\\/\\\/playazul.net\\\/terminos-y-condiciones\\\/\",\"url\":\"https:\\\/\\\/playazul.net\\\/terminos-y-condiciones\\\/\",\"name\":\"Terms and Conditions - Playazul Apartments\",\"isPartOf\":{\"@id\":\"https:\\\/\\\/playazul.net\\\/#website\"},\"datePublished\":\"2022-10-31T16:11:06+00:00\",\"dateModified\":\"2025-03-14T17:12:06+00:00\",\"breadcrumb\":{\"@id\":\"https:\\\/\\\/playazul.net\\\/terminos-y-condiciones\\\/#breadcrumb\"},\"inLanguage\":\"es\",\"potentialAction\":[{\"@type\":\"ReadAction\",\"target\":[\"https:\\\/\\\/playazul.net\\\/terminos-y-condiciones\\\/\"]}]},{\"@type\":\"BreadcrumbList\",\"@id\":\"https:\\\/\\\/playazul.net\\\/terminos-y-condiciones\\\/#breadcrumb\",\"itemListElement\":[{\"@type\":\"ListItem\",\"position\":1,\"name\":\"Portada\",\"item\":\"https:\\\/\\\/playazul.net\\\/\"},{\"@type\":\"ListItem\",\"position\":2,\"name\":\"Terms and Conditions\"}]},{\"@type\":\"WebSite\",\"@id\":\"https:\\\/\\\/playazul.net\\\/#website\",\"url\":\"https:\\\/\\\/playazul.net\\\/\",\"name\":\"Apartamentos playazul\",\"description\":\"Playazul Apartments in las Am\u00e9ricas\",\"publisher\":{\"@id\":\"https:\\\/\\\/playazul.net\\\/#organization\"},\"alternateName\":\"playazul apartments\",\"potentialAction\":[{\"@type\":\"SearchAction\",\"target\":{\"@type\":\"EntryPoint\",\"urlTemplate\":\"https:\\\/\\\/playazul.net\\\/?s={search_term_string}\"},\"query-input\":{\"@type\":\"PropertyValueSpecification\",\"valueRequired\":true,\"valueName\":\"search_term_string\"}}],\"inLanguage\":\"es\"},{\"@type\":\"Organization\",\"@id\":\"https:\\\/\\\/playazul.net\\\/#organization\",\"name\":\"Apartamentos Playazul\",\"alternateName\":\"Apartamentos Playa Azul Tenerife - Playa Azul Apartments Tenerife Las Am\u00e9ricas\",\"url\":\"https:\\\/\\\/playazul.net\\\/\",\"logo\":{\"@type\":\"ImageObject\",\"inLanguage\":\"es\",\"@id\":\"https:\\\/\\\/playazul.net\\\/#\\\/schema\\\/logo\\\/image\\\/\",\"url\":\"https:\\\/\\\/playazul.net\\\/wp-content\\\/uploads\\\/Playazul_1.jpg\",\"contentUrl\":\"https:\\\/\\\/playazul.net\\\/wp-content\\\/uploads\\\/Playazul_1.jpg\",\"width\":1182,\"height\":1182,\"caption\":\"Apartamentos Playazul\"},\"image\":{\"@id\":\"https:\\\/\\\/playazul.net\\\/#\\\/schema\\\/logo\\\/image\\\/\"},\"sameAs\":[\"https:\\\/\\\/www.facebook.com\\\/pages\\\/Apartamentos-Playazul\\\/912493362204394\\\/\",\"https:\\\/\\\/www.instagram.com\\\/apartamentos.playa.azul?igsh=MWpmNTlueGh1dmdlaQ==&utm_source=qr\"]}]}<\/script>\n<!-- \/ Yoast SEO plugin. -->","yoast_head_json":{"title":"Terms and Conditions - Playazul Apartments","robots":{"index":"index","follow":"nofollow","max-snippet":"max-snippet:-1","max-image-preview":"max-image-preview:large","max-video-preview":"max-video-preview:-1"},"canonical":"https:\/\/playazul.net\/es\/terminos-y-condiciones\/","og_locale":"es_ES","og_type":"article","og_title":"Terms and Conditions - Playazul Apartments","og_description":"HOUSE RULES CANCELLATION POLICY","og_url":"https:\/\/playazul.net\/es\/terminos-y-condiciones\/","og_site_name":"Playazul Apartments","article_publisher":"https:\/\/www.facebook.com\/pages\/Apartamentos-Playazul\/912493362204394\/","article_modified_time":"2025-03-14T17:12:06+00:00","og_image":[{"width":1600,"height":1200,"url":"https:\/\/playazul.net\/wp-content\/uploads\/news-2-bedroom-royal-deluxe-00001.jpg","type":"image\/jpeg"}],"twitter_card":"summary_large_image","schema":{"@context":"https:\/\/schema.org","@graph":[{"@type":"WebPage","@id":"https:\/\/playazul.net\/terminos-y-condiciones\/","url":"https:\/\/playazul.net\/terminos-y-condiciones\/","name":"Terms and Conditions - Playazul Apartments","isPartOf":{"@id":"https:\/\/playazul.net\/#website"},"datePublished":"2022-10-31T16:11:06+00:00","dateModified":"2025-03-14T17:12:06+00:00","breadcrumb":{"@id":"https:\/\/playazul.net\/terminos-y-condiciones\/#breadcrumb"},"inLanguage":"es","potentialAction":[{"@type":"ReadAction","target":["https:\/\/playazul.net\/terminos-y-condiciones\/"]}]},{"@type":"BreadcrumbList","@id":"https:\/\/playazul.net\/terminos-y-condiciones\/#breadcrumb","itemListElement":[{"@type":"ListItem","position":1,"name":"Portada","item":"https:\/\/playazul.net\/"},{"@type":"ListItem","position":2,"name":"Terms and Conditions"}]},{"@type":"WebSite","@id":"https:\/\/playazul.net\/#website","url":"https:\/\/playazul.net\/","name":"Apartamentos playazul","description":"Playazul Apartments in las Am\u00e9ricas","publisher":{"@id":"https:\/\/playazul.net\/#organization"},"alternateName":"playazul apartments","potentialAction":[{"@type":"SearchAction","target":{"@type":"EntryPoint","urlTemplate":"https:\/\/playazul.net\/?s={search_term_string}"},"query-input":{"@type":"PropertyValueSpecification","valueRequired":true,"valueName":"search_term_string"}}],"inLanguage":"es"},{"@type":"Organization","@id":"https:\/\/playazul.net\/#organization","name":"Apartamentos Playazul","alternateName":"Apartamentos Playa Azul Tenerife - Playa Azul Apartments Tenerife Las Am\u00e9ricas","url":"https:\/\/playazul.net\/","logo":{"@type":"ImageObject","inLanguage":"es","@id":"https:\/\/playazul.net\/#\/schema\/logo\/image\/","url":"https:\/\/playazul.net\/wp-content\/uploads\/Playazul_1.jpg","contentUrl":"https:\/\/playazul.net\/wp-content\/uploads\/Playazul_1.jpg","width":1182,"height":1182,"caption":"Apartamentos Playazul"},"image":{"@id":"https:\/\/playazul.net\/#\/schema\/logo\/image\/"},"sameAs":["https:\/\/www.facebook.com\/pages\/Apartamentos-Playazul\/912493362204394\/","https:\/\/www.instagram.com\/apartamentos.playa.azul?igsh=MWpmNTlueGh1dmdlaQ==&utm_source=qr"]}]}},"_links":{"self":[{"href":"https:\/\/playazul.net\/es\/wp-json\/wp\/v2\/pages\/32","targetHints":{"allow":["GET"]}}],"collection":[{"href":"https:\/\/playazul.net\/es\/wp-json\/wp\/v2\/pages"}],"about":[{"href":"https:\/\/playazul.net\/es\/wp-json\/wp\/v2\/types\/page"}],"author":[{"embeddable":true,"href":"https:\/\/playazul.net\/es\/wp-json\/wp\/v2\/users\/1"}],"replies":[{"embeddable":true,"href":"https:\/\/playazul.net\/es\/wp-json\/wp\/v2\/comments?post=32"}],"version-history":[{"count":7,"href":"https:\/\/playazul.net\/es\/wp-json\/wp\/v2\/pages\/32\/revisions"}],"predecessor-version":[{"id":1595,"href":"https:\/\/playazul.net\/es\/wp-json\/wp\/v2\/pages\/32\/revisions\/1595"}],"wp:attachment":[{"href":"https:\/\/playazul.net\/es\/wp-json\/wp\/v2\/media?parent=32"}],"curies":[{"name":"wp","href":"https:\/\/api.w.org\/{rel}","templated":true}]}}